{"id":59,"date":"2024-11-27T13:57:10","date_gmt":"2024-11-27T13:57:10","guid":{"rendered":"https:\/\/lesenfantsdelaube.be\/?page_id=59"},"modified":"2025-05-15T07:39:11","modified_gmt":"2025-05-15T07:39:11","slug":"a-propos","status":"publish","type":"page","link":"https:\/\/lesenfantsdelaube.be\/index.php\/a-propos\/","title":{"rendered":"A propos"},"content":{"rendered":"<p>[et_pb_section fb_built=\u00a0\u00bb1&Prime; admin_label=\u00a0\u00bbInstructors Section\u00a0\u00bb _builder_version=\u00a0\u00bb4.25.2&Prime; background_color=\u00a0\u00bb#fafbfc\u00a0\u00bb custom_padding=\u00a0\u00bb110px|0px|110px|0px\u00a0\u00bb global_colors_info=\u00a0\u00bb{}\u00a0\u00bb][et_pb_row use_custom_gutter=\u00a0\u00bbon\u00a0\u00bb make_equal=\u00a0\u00bbon\u00a0\u00bb _builder_version=\u00a0\u00bb4.25.2&Prime; width=\u00a0\u00bb100%\u00a0\u00bb max_width=\u00a0\u00bb1214px\u00a0\u00bb module_alignment=\u00a0\u00bbcenter\u00a0\u00bb custom_padding=\u00a0\u00bb0px|0px|30px|0px|false|true\u00a0\u00bb global_colors_info=\u00a0\u00bb{}\u00a0\u00bb][et_pb_column type=\u00a0\u00bb4_4&Prime; _builder_version=\u00a0\u00bb4.16&Prime; custom_padding=\u00a0\u00bb|||\u00a0\u00bb global_colors_info=\u00a0\u00bb{}\u00a0\u00bb custom_padding__hover=\u00a0\u00bb|||\u00a0\u00bb][et_pb_divider show_divider=\u00a0\u00bboff\u00a0\u00bb _builder_version=\u00a0\u00bb4.23.2&Prime; _module_preset=\u00a0\u00bbdefault\u00a0\u00bb width=\u00a0\u00bb30px\u00a0\u00bb height=\u00a0\u00bb30px\u00a0\u00bb custom_margin=\u00a0\u00bb||30px||false|false\u00a0\u00bb border_color_all=\u00a0\u00bbrgba(0,0,0,0.17)\u00a0\u00bb border_width_top=\u00a0\u00bb1px\u00a0\u00bb border_width_left=\u00a0\u00bb1px\u00a0\u00bb global_colors_info=\u00a0\u00bb{}\u00a0\u00bb][\/et_pb_divider][et_pb_text _builder_version=\u00a0\u00bb4.25.2&Prime; _module_preset=\u00a0\u00bb0efa4608-1c5e-4461-a6e1-821d43edf87d\u00a0\u00bb header_4_text_color=\u00a0\u00bbgcid-3c3581c1-f373-4686-aa51-f9f01c8ffd79&Prime; text_orientation=\u00a0\u00bbcenter\u00a0\u00bb global_colors_info=\u00a0\u00bb{%22gcid-3c3581c1-f373-4686-aa51-f9f01c8ffd79%22:%91%22header_4_text_color%22%93}\u00a0\u00bb]<\/p>\n<h4>Les enfants de l&rsquo;aube<\/h4>\n<p>[\/et_pb_text][et_pb_text _builder_version=\u00a0\u00bb4.25.2&Prime; _module_preset=\u00a0\u00bb0efa4608-1c5e-4461-a6e1-821d43edf87d\u00a0\u00bb header_font=\u00a0\u00bbPoppins||||||||\u00a0\u00bb header_text_color=\u00a0\u00bbgcid-3c3581c1-f373-4686-aa51-f9f01c8ffd79&Prime; header_font_size=\u00a0\u00bb5vw\u00a0\u00bb text_orientation=\u00a0\u00bbcenter\u00a0\u00bb custom_margin=\u00a0\u00bb||10px||false|false\u00a0\u00bb global_colors_info=\u00a0\u00bb{%22gcid-3c3581c1-f373-4686-aa51-f9f01c8ffd79%22:%91%22header_text_color%22%93}\u00a0\u00bb]<\/p>\n<h1>A propos de nous<\/h1>\n<p>[\/et_pb_text][et_pb_text _builder_version=\u00a0\u00bb4.25.2&Prime; _module_preset=\u00a0\u00bb0efa4608-1c5e-4461-a6e1-821d43edf87d\u00a0\u00bb text_text_color=\u00a0\u00bbgcid-75f8feef-8e89-48de-a593-3e169dc48f01&Prime; header_font=\u00a0\u00bbWork Sans||||||||\u00a0\u00bb text_orientation=\u00a0\u00bbcenter\u00a0\u00bb custom_margin=\u00a0\u00bb||30px||false|false\u00a0\u00bb global_colors_info=\u00a0\u00bb{%22gcid-75f8feef-8e89-48de-a593-3e169dc48f01%22:%91%22text_text_color%22%93}\u00a0\u00bb]<\/p>\n<p>est une association \u00e0 but non lucratif qui propose des stages, des cours, des ateliers et des formations d\u00e9di\u00e9s au bien-\u00eatre, au d\u00e9veloppement personnel en appuyant sur l&rsquo;importance de la coh\u00e9sion sociale pour y parvenir.<\/p>\n<p>Notre mission est d&rsquo;apporter les outils indispensables \u00e0 l&rsquo;accomplissement de soi, \u00e0 prendre conscience qu&rsquo;il est important avant tout de se respecter pour respecter les autres. Chaque acte et chaque parole, a un impact sur quelqu&rsquo;un ou quelque chose, si nous en prenons conscience d\u00e9j\u00e0 un tout petit peu, alors croyez-moi, c&rsquo;est tout gagn\u00e9.<\/p>\n<p>Nous tenons aussi \u00e0 soutenir toutes les associations qui partagent les m\u00eames valeurs. Les enfants de l&rsquo;aube accueil \u00e0 bras ouvert celles et ceux qui souhaiteraient donner de leur temps pour partager leurs exp\u00e9riences dans le domaine \u00e0 titre d&rsquo;engagement.<\/p>\n<p><span style=\"color: #000000;\"><strong>Ensemble, nous pouvons d\u00e9placer des montagnes, briser les cha\u00eenes de l\u2019adversit\u00e9 et b\u00e2tir des ponts vers un avenir meilleur. Les le\u00e7ons du pass\u00e9 nous enseignent que lorsque nous mettons de c\u00f4t\u00e9 nos diff\u00e9rences superficielles et que nous nous concentrons sur ce qui nous unis, nous sommes en mesure de cr\u00e9er de v\u00e9ritable tr\u00e9sors.<\/strong><\/span><\/p>\n<p>&nbsp;<\/p>\n<p>[\/et_pb_text][et_pb_button button_url=\u00a0\u00bbhttps:\/\/lesenfantsdelaube.be\/index.php\/2025\/04\/24\/nos-photos\/\u00a0\u00bb button_text=\u00a0\u00bbNos Photos\u00a0\u00bb button_alignment=\u00a0\u00bbcenter\u00a0\u00bb _builder_version=\u00a0\u00bb4.25.2&Prime; _module_preset=\u00a0\u00bbdefault\u00a0\u00bb custom_button=\u00a0\u00bbon\u00a0\u00bb button_text_color=\u00a0\u00bb#FFFFFF\u00a0\u00bb button_bg_color=\u00a0\u00bb#d75220&Prime; button_border_color=\u00a0\u00bbgcid-fc7afca1-7302-4e55-829d-3d445387c282&Prime; button_font=\u00a0\u00bbPoppins||||||||\u00a0\u00bb global_colors_info=\u00a0\u00bb{%22gcid-fc7afca1-7302-4e55-829d-3d445387c282%22:%91%22button_border_color%22%93}\u00a0\u00bb][\/et_pb_button][\/et_pb_column][\/et_pb_row][\/et_pb_section][et_pb_section fb_built=\u00a0\u00bb1&Prime; admin_label=\u00a0\u00bbWhy Choose Us Section\u00a0\u00bb _builder_version=\u00a0\u00bb4.25.2&Prime; background_color=\u00a0\u00bbrgba(12,113,195,0.1)\u00a0\u00bb custom_padding=\u00a0\u00bb110px|0px|110px|0px\u00a0\u00bb global_colors_info=\u00a0\u00bb{}\u00a0\u00bb][et_pb_row _builder_version=\u00a0\u00bb4.25.2&Prime; _module_preset=\u00a0\u00bbdefault\u00a0\u00bb custom_padding=\u00a0\u00bb0px|30px|30px|30px|false|true\u00a0\u00bb border_width_all=\u00a0\u00bb0px\u00a0\u00bb global_colors_info=\u00a0\u00bb{}\u00a0\u00bb][et_pb_column type=\u00a0\u00bb4_4&Prime; _builder_version=\u00a0\u00bb4.25.2&Prime; _module_preset=\u00a0\u00bbdefault\u00a0\u00bb background_color=\u00a0\u00bbRGBA(255,255,255,0)\u00a0\u00bb global_colors_info=\u00a0\u00bb{}\u00a0\u00bb][et_pb_text _builder_version=\u00a0\u00bb4.25.2&Prime; _module_preset=\u00a0\u00bb7c2f8fd9-1ed7-44f4-8595-942d442712de\u00a0\u00bb header_font=\u00a0\u00bbPoppins|600|||||||\u00a0\u00bb header_text_color=\u00a0\u00bb#d75220&Prime; header_font_size=\u00a0\u00bb72px\u00a0\u00bb header_line_height=\u00a0\u00bb1.1em\u00a0\u00bb text_orientation=\u00a0\u00bbcenter\u00a0\u00bb hover_enabled=\u00a0\u00bb0&Prime; header_font_size_tablet=\u00a0\u00bb40px\u00a0\u00bb header_font_size_phone=\u00a0\u00bb26px\u00a0\u00bb header_font_size_last_edited=\u00a0\u00bbon|phone\u00a0\u00bb locked=\u00a0\u00bboff\u00a0\u00bb global_colors_info=\u00a0\u00bb{}\u00a0\u00bb sticky_enabled=\u00a0\u00bb0&Prime;]<\/p>\n<h1>Nous proposons<\/h1>\n<p>[\/et_pb_text][\/et_pb_column][\/et_pb_row][et_pb_row column_structure=\u00a0\u00bb1_4,1_4,1_4,1_4&Prime; use_custom_gutter=\u00a0\u00bbon\u00a0\u00bb gutter_width=\u00a0\u00bb2&Prime; make_equal=\u00a0\u00bbon\u00a0\u00bb _builder_version=\u00a0\u00bb4.25.2&Prime; _module_preset=\u00a0\u00bbdefault\u00a0\u00bb width=\u00a0\u00bb100%\u00a0\u00bb max_width=\u00a0\u00bb1284px\u00a0\u00bb custom_padding=\u00a0\u00bb45px|0px|30px|0px|false|true\u00a0\u00bb animation_style=\u00a0\u00bbfade\u00a0\u00bb animation_duration=\u00a0\u00bb1300ms\u00a0\u00bb hover_enabled=\u00a0\u00bb0&Prime; global_colors_info=\u00a0\u00bb{}\u00a0\u00bb sticky_enabled=\u00a0\u00bb0&Prime;][et_pb_column type=\u00a0\u00bb1_4&Prime; _builder_version=\u00a0\u00bb4.16&Prime; _module_preset=\u00a0\u00bbdefault\u00a0\u00bb background_color=\u00a0\u00bb#ffffff\u00a0\u00bb custom_padding=\u00a0\u00bb40px|20px|40px|20px|true|true\u00a0\u00bb custom_padding_tablet=\u00a0\u00bb||||true|true\u00a0\u00bb custom_padding_phone=\u00a0\u00bb||||true|false\u00a0\u00bb custom_padding_last_edited=\u00a0\u00bboff|phone\u00a0\u00bb box_shadow_style=\u00a0\u00bbpreset3&Prime; box_shadow_color=\u00a0\u00bbrgba(0,0,0,0)\u00a0\u00bb global_colors_info=\u00a0\u00bb{}\u00a0\u00bb box_shadow_vertical__hover_enabled=\u00a0\u00bbon|hover\u00a0\u00bb box_shadow_blur__hover_enabled=\u00a0\u00bbon|hover\u00a0\u00bb box_shadow_spread__hover_enabled=\u00a0\u00bbon|hover\u00a0\u00bb box_shadow_color__hover_enabled=\u00a0\u00bbon|hover\u00a0\u00bb box_shadow_vertical__hover=\u00a0\u00bb40px\u00a0\u00bb box_shadow_blur__hover=\u00a0\u00bb60px\u00a0\u00bb box_shadow_color__hover=\u00a0\u00bbrgba(0,0,0,0.3)\u00a0\u00bb box_shadow_spread__hover=\u00a0\u00bb-10px\u00a0\u00bb][et_pb_blurb title=\u00a0\u00bbSport\u00a0\u00bb use_icon=\u00a0\u00bbon\u00a0\u00bb font_icon=\u00a0\u00bb&#xf5c4;||fa||900&Prime; icon_color=\u00a0\u00bb#F95F00&Prime; image_icon_width=\u00a0\u00bb32px\u00a0\u00bb _builder_version=\u00a0\u00bb4.25.2&Prime; _module_preset=\u00a0\u00bbd0a2ee49-04c5-451f-9e4b-6fcdca760ad0&Prime; header_font=\u00a0\u00bbPoppins|700||on|||||\u00a0\u00bb header_text_color=\u00a0\u00bbrgba(33,45,80,0.41)\u00a0\u00bb header_font_size=\u00a0\u00bb16px\u00a0\u00bb header_letter_spacing=\u00a0\u00bb1px\u00a0\u00bb header_line_height=\u00a0\u00bb1.4em\u00a0\u00bb body_font=\u00a0\u00bb|500|||||||\u00a0\u00bb body_text_color=\u00a0\u00bb#000000&Prime; body_font_size=\u00a0\u00bb12px\u00a0\u00bb body_line_height=\u00a0\u00bb1.5em\u00a0\u00bb body_link_text_color=\u00a0\u00bb#000000&Prime; text_orientation=\u00a0\u00bbcenter\u00a0\u00bb animation=\u00a0\u00bboff\u00a0\u00bb link_option_url=\u00a0\u00bb#\u00a0\u00bb icon_font_size=\u00a0\u00bb32px\u00a0\u00bb global_colors_info=\u00a0\u00bb{}\u00a0\u00bb body_link_text_color__hover=\u00a0\u00bb#F95F00&Prime; body_link_text_color__hover_enabled=\u00a0\u00bbon|desktop\u00a0\u00bb]<\/p>\n<p>Natation, mudofighting, d\u00e9passement de soi, renforcement musculaire, courses d&rsquo;orientation, parcours d&rsquo;obstacles et bien d&rsquo;autres&#8230;<\/p>\n<p>[\/et_pb_blurb][\/et_pb_column][et_pb_column type=\u00a0\u00bb1_4&Prime; _builder_version=\u00a0\u00bb4.16&Prime; _module_preset=\u00a0\u00bbdefault\u00a0\u00bb background_color=\u00a0\u00bb#ffffff\u00a0\u00bb custom_padding=\u00a0\u00bb40px|20px|40px|20px|true|true\u00a0\u00bb custom_padding_tablet=\u00a0\u00bb||||true|true\u00a0\u00bb custom_padding_phone=\u00a0\u00bb||||true|false\u00a0\u00bb custom_padding_last_edited=\u00a0\u00bboff|phone\u00a0\u00bb box_shadow_style=\u00a0\u00bbpreset3&Prime; box_shadow_color=\u00a0\u00bbrgba(0,0,0,0)\u00a0\u00bb global_colors_info=\u00a0\u00bb{}\u00a0\u00bb box_shadow_vertical__hover_enabled=\u00a0\u00bbon|hover\u00a0\u00bb box_shadow_blur__hover_enabled=\u00a0\u00bbon|hover\u00a0\u00bb box_shadow_spread__hover_enabled=\u00a0\u00bbon|hover\u00a0\u00bb box_shadow_color__hover_enabled=\u00a0\u00bbon|hover\u00a0\u00bb box_shadow_vertical__hover=\u00a0\u00bb40px\u00a0\u00bb box_shadow_blur__hover=\u00a0\u00bb60px\u00a0\u00bb box_shadow_color__hover=\u00a0\u00bbrgba(0,0,0,0.3)\u00a0\u00bb box_shadow_spread__hover=\u00a0\u00bb-10px\u00a0\u00bb][et_pb_blurb title=\u00a0\u00bbBien \u00eatre\u00a0\u00bb use_icon=\u00a0\u00bbon\u00a0\u00bb font_icon=\u00a0\u00bb&#xf5c4;||fa||900&Prime; icon_color=\u00a0\u00bb#F95F00&Prime; image_icon_width=\u00a0\u00bb32px\u00a0\u00bb _builder_version=\u00a0\u00bb4.25.2&Prime; _module_preset=\u00a0\u00bbd0a2ee49-04c5-451f-9e4b-6fcdca760ad0&Prime; header_font=\u00a0\u00bbPoppins|700||on|||||\u00a0\u00bb header_text_color=\u00a0\u00bbrgba(33,45,80,0.41)\u00a0\u00bb header_font_size=\u00a0\u00bb16px\u00a0\u00bb header_letter_spacing=\u00a0\u00bb1px\u00a0\u00bb header_line_height=\u00a0\u00bb1.4em\u00a0\u00bb body_font=\u00a0\u00bb|500|||||||\u00a0\u00bb body_text_color=\u00a0\u00bb#000000&Prime; body_font_size=\u00a0\u00bb12px\u00a0\u00bb body_line_height=\u00a0\u00bb1.5em\u00a0\u00bb body_link_text_color=\u00a0\u00bb#000000&Prime; text_orientation=\u00a0\u00bbcenter\u00a0\u00bb animation=\u00a0\u00bboff\u00a0\u00bb link_option_url=\u00a0\u00bb#\u00a0\u00bb icon_font_size=\u00a0\u00bb32px\u00a0\u00bb global_colors_info=\u00a0\u00bb{}\u00a0\u00bb body_link_text_color__hover=\u00a0\u00bb#F95F00&Prime; body_link_text_color__hover_enabled=\u00a0\u00bbon|desktop\u00a0\u00bb]<\/p>\n<p>Yoga, souplesse, connaissance du corps, pilates, alignement postural, travail de respiration, m\u00e9ditation, pr\u00e9vention du dos.<\/p>\n<p>[\/et_pb_blurb][\/et_pb_column][et_pb_column type=\u00a0\u00bb1_4&Prime; _builder_version=\u00a0\u00bb4.16&Prime; _module_preset=\u00a0\u00bbdefault\u00a0\u00bb background_color=\u00a0\u00bb#ffffff\u00a0\u00bb custom_padding=\u00a0\u00bb40px|20px|40px|20px|true|true\u00a0\u00bb custom_padding_tablet=\u00a0\u00bb||||true|true\u00a0\u00bb custom_padding_phone=\u00a0\u00bb||||true|false\u00a0\u00bb custom_padding_last_edited=\u00a0\u00bboff|phone\u00a0\u00bb box_shadow_style=\u00a0\u00bbpreset3&Prime; box_shadow_color=\u00a0\u00bbrgba(0,0,0,0)\u00a0\u00bb global_colors_info=\u00a0\u00bb{}\u00a0\u00bb box_shadow_vertical__hover_enabled=\u00a0\u00bbon|hover\u00a0\u00bb box_shadow_blur__hover_enabled=\u00a0\u00bbon|hover\u00a0\u00bb box_shadow_spread__hover_enabled=\u00a0\u00bbon|hover\u00a0\u00bb box_shadow_color__hover_enabled=\u00a0\u00bbon|hover\u00a0\u00bb box_shadow_vertical__hover=\u00a0\u00bb40px\u00a0\u00bb box_shadow_blur__hover=\u00a0\u00bb60px\u00a0\u00bb box_shadow_color__hover=\u00a0\u00bbrgba(0,0,0,0.3)\u00a0\u00bb box_shadow_spread__hover=\u00a0\u00bb-10px\u00a0\u00bb][et_pb_blurb title=\u00a0\u00bbSant\u00e9\u00a0\u00bb use_icon=\u00a0\u00bbon\u00a0\u00bb font_icon=\u00a0\u00bb&#xf5c4;||fa||900&Prime; icon_color=\u00a0\u00bb#F95F00&Prime; image_icon_width=\u00a0\u00bb32px\u00a0\u00bb _builder_version=\u00a0\u00bb4.25.2&Prime; _module_preset=\u00a0\u00bbd0a2ee49-04c5-451f-9e4b-6fcdca760ad0&Prime; header_font=\u00a0\u00bbPoppins|700||on|||||\u00a0\u00bb header_text_color=\u00a0\u00bbrgba(33,45,80,0.41)\u00a0\u00bb header_font_size=\u00a0\u00bb16px\u00a0\u00bb header_letter_spacing=\u00a0\u00bb1px\u00a0\u00bb header_line_height=\u00a0\u00bb1.4em\u00a0\u00bb body_font=\u00a0\u00bb|500|||||||\u00a0\u00bb body_text_color=\u00a0\u00bb#000000&Prime; body_font_size=\u00a0\u00bb12px\u00a0\u00bb body_line_height=\u00a0\u00bb1.5em\u00a0\u00bb body_link_text_color=\u00a0\u00bb#000000&Prime; text_orientation=\u00a0\u00bbcenter\u00a0\u00bb animation=\u00a0\u00bboff\u00a0\u00bb link_option_url=\u00a0\u00bb#\u00a0\u00bb icon_font_size=\u00a0\u00bb32px\u00a0\u00bb global_colors_info=\u00a0\u00bb{}\u00a0\u00bb body_link_text_color__hover=\u00a0\u00bb#F95F00&Prime; body_link_text_color__hover_enabled=\u00a0\u00bbon|desktop\u00a0\u00bb]<\/p>\n<p>Shinrin yoku, courses d&rsquo;orientation, m\u00e9ditation, yoga, hydroth\u00e9rapie, naturopathie, nutrition.<\/p>\n<p>[\/et_pb_blurb][\/et_pb_column][et_pb_column type=\u00a0\u00bb1_4&Prime; _builder_version=\u00a0\u00bb4.16&Prime; _module_preset=\u00a0\u00bbdefault\u00a0\u00bb background_color=\u00a0\u00bb#ffffff\u00a0\u00bb custom_padding=\u00a0\u00bb40px|20px|40px|20px|true|true\u00a0\u00bb custom_padding_tablet=\u00a0\u00bb||||true|true\u00a0\u00bb custom_padding_phone=\u00a0\u00bb||||true|false\u00a0\u00bb custom_padding_last_edited=\u00a0\u00bboff|phone\u00a0\u00bb box_shadow_style=\u00a0\u00bbpreset3&Prime; box_shadow_color=\u00a0\u00bbrgba(0,0,0,0)\u00a0\u00bb global_colors_info=\u00a0\u00bb{}\u00a0\u00bb box_shadow_vertical__hover_enabled=\u00a0\u00bbon|hover\u00a0\u00bb box_shadow_blur__hover_enabled=\u00a0\u00bbon|hover\u00a0\u00bb box_shadow_spread__hover_enabled=\u00a0\u00bbon|hover\u00a0\u00bb box_shadow_color__hover_enabled=\u00a0\u00bbon|hover\u00a0\u00bb box_shadow_vertical__hover=\u00a0\u00bb40px\u00a0\u00bb box_shadow_blur__hover=\u00a0\u00bb60px\u00a0\u00bb box_shadow_color__hover=\u00a0\u00bbrgba(0,0,0,0.3)\u00a0\u00bb box_shadow_spread__hover=\u00a0\u00bb-10px\u00a0\u00bb][et_pb_blurb title=\u00a0\u00bbD\u00e9veloppement personnel\u00a0\u00bb use_icon=\u00a0\u00bbon\u00a0\u00bb font_icon=\u00a0\u00bb&#xf5c4;||fa||900&Prime; icon_color=\u00a0\u00bb#F95F00&Prime; image_icon_width=\u00a0\u00bb32px\u00a0\u00bb _builder_version=\u00a0\u00bb4.25.2&Prime; _module_preset=\u00a0\u00bbd0a2ee49-04c5-451f-9e4b-6fcdca760ad0&Prime; header_font=\u00a0\u00bbPoppins|700||on|||||\u00a0\u00bb header_text_color=\u00a0\u00bbrgba(33,45,80,0.41)\u00a0\u00bb header_font_size=\u00a0\u00bb16px\u00a0\u00bb header_letter_spacing=\u00a0\u00bb1px\u00a0\u00bb header_line_height=\u00a0\u00bb1.4em\u00a0\u00bb body_font=\u00a0\u00bb|500|||||||\u00a0\u00bb body_text_color=\u00a0\u00bb#000000&Prime; body_font_size=\u00a0\u00bb12px\u00a0\u00bb body_line_height=\u00a0\u00bb1.5em\u00a0\u00bb body_link_text_color=\u00a0\u00bb#000000&Prime; text_orientation=\u00a0\u00bbcenter\u00a0\u00bb animation=\u00a0\u00bboff\u00a0\u00bb link_option_url=\u00a0\u00bb#\u00a0\u00bb icon_font_size=\u00a0\u00bb32px\u00a0\u00bb global_colors_info=\u00a0\u00bb{}\u00a0\u00bb body_link_text_color__hover=\u00a0\u00bb#F95F00&Prime; body_link_text_color__hover_enabled=\u00a0\u00bbon|desktop\u00a0\u00bb]<\/p>\n<p>Connaissance de soi et reconnaissance des autres, d\u00e9veloppement et discutions autour de diff\u00e9rents projets individuels ou de groupe, d\u00e9passement de soi, coh\u00e9sion social et travail en \u00e9quipe, connaissance de ses propres limites.<\/p>\n<p>[\/et_pb_blurb][\/et_pb_column][\/et_pb_row][\/et_pb_section]<\/p>\n","protected":false},"excerpt":{"rendered":"<p>Les enfants de l&rsquo;aubeA propos de nousest une association \u00e0 but non lucratif qui propose des stages, des cours, des ateliers et des formations d\u00e9di\u00e9s au bien-\u00eatre, au d\u00e9veloppement personnel en appuyant sur l&rsquo;importance de la coh\u00e9sion sociale pour y parvenir. Notre mission est d&rsquo;apporter les outils indispensables \u00e0 l&rsquo;accomplissement de soi, \u00e0 prendre conscience [&hellip;]<\/p>\n","protected":false},"author":1,"featured_media":0,"parent":0,"menu_order":0,"comment_status":"closed","ping_status":"closed","template":"","meta":{"_et_pb_use_builder":"on","_et_pb_old_content":"","_et_gb_content_width":"","footnotes":""},"class_list":["post-59","page","type-page","status-publish","hentry"],"yoast_head":"<!-- This site is optimized with the Yoast SEO plugin v25.1 - https:\/\/yoast.com\/wordpress\/plugins\/seo\/ -->\n<title>A propos - lesenfantsdelaube.be<\/title>\n<meta name=\"robots\" content=\"noindex, follow, max-snippet:-1, max-image-preview:large, max-video-preview:-1\" \/>\n<meta property=\"og:locale\" content=\"fr_FR\" \/>\n<meta property=\"og:type\" content=\"article\" \/>\n<meta property=\"og:title\" content=\"A propos - lesenfantsdelaube.be\" \/>\n<meta property=\"og:description\" content=\"Les enfants de l&#039;aubeA propos de nousest une association \u00e0 but non lucratif qui propose des stages, des cours, des ateliers et des formations d\u00e9di\u00e9s au bien-\u00eatre, au d\u00e9veloppement personnel en appuyant sur l&#039;importance de la coh\u00e9sion sociale pour y parvenir. Notre mission est d&#039;apporter les outils indispensables \u00e0 l&#039;accomplissement de soi, \u00e0 prendre conscience [&hellip;]\" \/>\n<meta property=\"og:url\" content=\"https:\/\/lesenfantsdelaube.be\/index.php\/a-propos\/\" \/>\n<meta property=\"og:site_name\" content=\"lesenfantsdelaube.be\" \/>\n<meta property=\"article:publisher\" content=\"https:\/\/www.facebook.com\/Lesenfantsdelaube\/\" \/>\n<meta property=\"article:modified_time\" content=\"2025-05-15T07:39:11+00:00\" \/>\n<meta name=\"twitter:card\" content=\"summary_large_image\" \/>\n<meta name=\"twitter:label1\" content=\"Dur\u00e9e de lecture estim\u00e9e\" \/>\n\t<meta name=\"twitter:data1\" content=\"8 minutes\" \/>\n<script type=\"application\/ld+json\" class=\"yoast-schema-graph\">{\"@context\":\"https:\/\/schema.org\",\"@graph\":[{\"@type\":\"WebPage\",\"@id\":\"https:\/\/lesenfantsdelaube.be\/index.php\/a-propos\/\",\"url\":\"https:\/\/lesenfantsdelaube.be\/index.php\/a-propos\/\",\"name\":\"A propos - lesenfantsdelaube.be\",\"isPartOf\":{\"@id\":\"https:\/\/lesenfantsdelaube.be\/#website\"},\"datePublished\":\"2024-11-27T13:57:10+00:00\",\"dateModified\":\"2025-05-15T07:39:11+00:00\",\"breadcrumb\":{\"@id\":\"https:\/\/lesenfantsdelaube.be\/index.php\/a-propos\/#breadcrumb\"},\"inLanguage\":\"fr-FR\",\"potentialAction\":[{\"@type\":\"ReadAction\",\"target\":[\"https:\/\/lesenfantsdelaube.be\/index.php\/a-propos\/\"]}]},{\"@type\":\"BreadcrumbList\",\"@id\":\"https:\/\/lesenfantsdelaube.be\/index.php\/a-propos\/#breadcrumb\",\"itemListElement\":[{\"@type\":\"ListItem\",\"position\":1,\"name\":\"Accueil\",\"item\":\"https:\/\/lesenfantsdelaube.be\/\"},{\"@type\":\"ListItem\",\"position\":2,\"name\":\"A propos\"}]},{\"@type\":\"WebSite\",\"@id\":\"https:\/\/lesenfantsdelaube.be\/#website\",\"url\":\"https:\/\/lesenfantsdelaube.be\/\",\"name\":\"lesenfantsdelaube.be\",\"description\":\"cours de natation et stage de d\u00e9veloppement\",\"publisher\":{\"@id\":\"https:\/\/lesenfantsdelaube.be\/#organization\"},\"potentialAction\":[{\"@type\":\"SearchAction\",\"target\":{\"@type\":\"EntryPoint\",\"urlTemplate\":\"https:\/\/lesenfantsdelaube.be\/?s={search_term_string}\"},\"query-input\":{\"@type\":\"PropertyValueSpecification\",\"valueRequired\":true,\"valueName\":\"search_term_string\"}}],\"inLanguage\":\"fr-FR\"},{\"@type\":\"Organization\",\"@id\":\"https:\/\/lesenfantsdelaube.be\/#organization\",\"name\":\"lesenfantsdelaube.be\",\"url\":\"https:\/\/lesenfantsdelaube.be\/\",\"logo\":{\"@type\":\"ImageObject\",\"inLanguage\":\"fr-FR\",\"@id\":\"https:\/\/lesenfantsdelaube.be\/#\/schema\/logo\/image\/\",\"url\":\"https:\/\/lesenfantsdelaube.be\/wp-content\/uploads\/2024\/11\/LEDA_COLOR.png\",\"contentUrl\":\"https:\/\/lesenfantsdelaube.be\/wp-content\/uploads\/2024\/11\/LEDA_COLOR.png\",\"width\":2002,\"height\":1748,\"caption\":\"lesenfantsdelaube.be\"},\"image\":{\"@id\":\"https:\/\/lesenfantsdelaube.be\/#\/schema\/logo\/image\/\"},\"sameAs\":[\"https:\/\/www.facebook.com\/Lesenfantsdelaube\/\"]}]}<\/script>\n<!-- \/ Yoast SEO plugin. -->","yoast_head_json":{"title":"A propos - lesenfantsdelaube.be","robots":{"index":"noindex","follow":"follow","max-snippet":"max-snippet:-1","max-image-preview":"max-image-preview:large","max-video-preview":"max-video-preview:-1"},"og_locale":"fr_FR","og_type":"article","og_title":"A propos - lesenfantsdelaube.be","og_description":"Les enfants de l'aubeA propos de nousest une association \u00e0 but non lucratif qui propose des stages, des cours, des ateliers et des formations d\u00e9di\u00e9s au bien-\u00eatre, au d\u00e9veloppement personnel en appuyant sur l'importance de la coh\u00e9sion sociale pour y parvenir. Notre mission est d'apporter les outils indispensables \u00e0 l'accomplissement de soi, \u00e0 prendre conscience [&hellip;]","og_url":"https:\/\/lesenfantsdelaube.be\/index.php\/a-propos\/","og_site_name":"lesenfantsdelaube.be","article_publisher":"https:\/\/www.facebook.com\/Lesenfantsdelaube\/","article_modified_time":"2025-05-15T07:39:11+00:00","twitter_card":"summary_large_image","twitter_misc":{"Dur\u00e9e de lecture estim\u00e9e":"8 minutes"},"schema":{"@context":"https:\/\/schema.org","@graph":[{"@type":"WebPage","@id":"https:\/\/lesenfantsdelaube.be\/index.php\/a-propos\/","url":"https:\/\/lesenfantsdelaube.be\/index.php\/a-propos\/","name":"A propos - lesenfantsdelaube.be","isPartOf":{"@id":"https:\/\/lesenfantsdelaube.be\/#website"},"datePublished":"2024-11-27T13:57:10+00:00","dateModified":"2025-05-15T07:39:11+00:00","breadcrumb":{"@id":"https:\/\/lesenfantsdelaube.be\/index.php\/a-propos\/#breadcrumb"},"inLanguage":"fr-FR","potentialAction":[{"@type":"ReadAction","target":["https:\/\/lesenfantsdelaube.be\/index.php\/a-propos\/"]}]},{"@type":"BreadcrumbList","@id":"https:\/\/lesenfantsdelaube.be\/index.php\/a-propos\/#breadcrumb","itemListElement":[{"@type":"ListItem","position":1,"name":"Accueil","item":"https:\/\/lesenfantsdelaube.be\/"},{"@type":"ListItem","position":2,"name":"A propos"}]},{"@type":"WebSite","@id":"https:\/\/lesenfantsdelaube.be\/#website","url":"https:\/\/lesenfantsdelaube.be\/","name":"lesenfantsdelaube.be","description":"cours de natation et stage de d\u00e9veloppement","publisher":{"@id":"https:\/\/lesenfantsdelaube.be\/#organization"},"potentialAction":[{"@type":"SearchAction","target":{"@type":"EntryPoint","urlTemplate":"https:\/\/lesenfantsdelaube.be\/?s={search_term_string}"},"query-input":{"@type":"PropertyValueSpecification","valueRequired":true,"valueName":"search_term_string"}}],"inLanguage":"fr-FR"},{"@type":"Organization","@id":"https:\/\/lesenfantsdelaube.be\/#organization","name":"lesenfantsdelaube.be","url":"https:\/\/lesenfantsdelaube.be\/","logo":{"@type":"ImageObject","inLanguage":"fr-FR","@id":"https:\/\/lesenfantsdelaube.be\/#\/schema\/logo\/image\/","url":"https:\/\/lesenfantsdelaube.be\/wp-content\/uploads\/2024\/11\/LEDA_COLOR.png","contentUrl":"https:\/\/lesenfantsdelaube.be\/wp-content\/uploads\/2024\/11\/LEDA_COLOR.png","width":2002,"height":1748,"caption":"lesenfantsdelaube.be"},"image":{"@id":"https:\/\/lesenfantsdelaube.be\/#\/schema\/logo\/image\/"},"sameAs":["https:\/\/www.facebook.com\/Lesenfantsdelaube\/"]}]}},"_links":{"self":[{"href":"https:\/\/lesenfantsdelaube.be\/index.php\/wp-json\/wp\/v2\/pages\/59","targetHints":{"allow":["GET"]}}],"collection":[{"href":"https:\/\/lesenfantsdelaube.be\/index.php\/wp-json\/wp\/v2\/pages"}],"about":[{"href":"https:\/\/lesenfantsdelaube.be\/index.php\/wp-json\/wp\/v2\/types\/page"}],"author":[{"embeddable":true,"href":"https:\/\/lesenfantsdelaube.be\/index.php\/wp-json\/wp\/v2\/users\/1"}],"replies":[{"embeddable":true,"href":"https:\/\/lesenfantsdelaube.be\/index.php\/wp-json\/wp\/v2\/comments?post=59"}],"version-history":[{"count":21,"href":"https:\/\/lesenfantsdelaube.be\/index.php\/wp-json\/wp\/v2\/pages\/59\/revisions"}],"predecessor-version":[{"id":419,"href":"https:\/\/lesenfantsdelaube.be\/index.php\/wp-json\/wp\/v2\/pages\/59\/revisions\/419"}],"wp:attachment":[{"href":"https:\/\/lesenfantsdelaube.be\/index.php\/wp-json\/wp\/v2\/media?parent=59"}],"curies":[{"name":"wp","href":"https:\/\/api.w.org\/{rel}","templated":true}]}}